{"id":54429,"date":"2023-08-08T16:26:03","date_gmt":"2023-08-08T14:26:03","guid":{"rendered":"https:\/\/vergissmeinnicht.bz.it\/consegna-e-spedizione\/"},"modified":"2024-06-11T21:28:51","modified_gmt":"2024-06-11T19:28:51","slug":"consegna-e-spedizione","status":"publish","type":"page","link":"https:\/\/vergissmeinnicht.bz.it\/it\/consegna-e-spedizione\/","title":{"rendered":"Consegna e spedizione"},"content":{"rendered":"<p>[et_pb_section fb_built=&#8221;1&#8243; _builder_version=&#8221;4.21.2&#8243; _module_preset=&#8221;default&#8221; global_colors_info=&#8221;{}&#8221;][et_pb_row _builder_version=&#8221;4.21.2&#8243; _module_preset=&#8221;default&#8221; global_colors_info=&#8221;{}&#8221;][et_pb_column type=&#8221;4_4&#8243; _builder_version=&#8221;4.21.2&#8243; _module_preset=&#8221;default&#8221; global_colors_info=&#8221;{}&#8221;][et_pb_text _builder_version=&#8221;4.21.2&#8243; _module_preset=&#8221;default&#8221; global_colors_info=&#8221;{}&#8221;]<\/p>\n<p><strong>CONSEGNA E SPEDIZIONE<\/strong><\/p>\n<p>&nbsp;<\/p>\n<p>Il vostro ordine sar\u00e0 realizzato nella nostra sala da cucire a Brunico &#8211; <strong>al 100% a mano<\/strong>. I frontalieri &#8211; persone con disabilit\u00e0 &#8211; aiutano nella produzione. Ci impegniamo a completare il vostro ordine nel pi\u00f9 breve tempo possibile. Tuttavia, chiediamo la vostra comprensione se dovessimo impiegare un giorno in pi\u00f9. <\/p>\n<p>&nbsp;<\/p>\n<p>Gli ordini vengono solitamente spediti entro circa 3-7 giorni lavorativi.<\/p>\n<p>&nbsp;<\/p>\n<p>All&#8217;interno dell&#8217;Unione Europea, le consegne vengono effettuate entro 2 a 4 giorni lavorativi, mentre nel resto del mondo i tempi di consegna vanno da 3 a 7 giorni. Purtroppo non possiamo garantire i tempi di consegna. <\/p>\n<p>&nbsp;<\/p>\n<p><strong>Il costo forfettario delle spese di trasporto \u00e8 di 15 euro.<\/strong><\/p>\n<p>&nbsp;<\/p>\n<p>Se un tessuto non \u00e8 pi\u00f9 disponibile, ci riserviamo il diritto di accettare solo una parte dell&#8217;ordine. In questo caso, l&#8217;acquirente verr\u00e0 informato immediatamente e, se necessario, verr\u00e0 proposta la consegna di un prodotto analogo. Se ci\u00f2 non \u00e8 desiderato, i pagamenti gi\u00e0 effettuati saranno rimborsati.  <\/p>\n<p>&nbsp;<\/p>\n<p>[\/et_pb_text][\/et_pb_column][\/et_pb_row][\/et_pb_section]<\/p>\n","protected":false},"excerpt":{"rendered":"<p>CONSEGNA E SPEDIZIONE &nbsp; Il vostro ordine sar\u00e0 realizzato nella nostra sala da cucire a Brunico &#8211; al 100% a mano. I frontalieri &#8211; persone con disabilit\u00e0 &#8211; aiutano nella produzione. Ci impegniamo a completare il vostro ordine nel pi\u00f9 breve tempo possibile. Tuttavia, chiediamo la vostra comprensione se dovessimo impiegare un giorno in pi\u00f9. [&hellip;]<\/p>\n","protected":false},"author":2,"featured_media":0,"parent":0,"menu_order":0,"comment_status":"closed","ping_status":"closed","template":"","meta":{"_et_pb_use_builder":"on","_et_pb_old_content":"","_et_gb_content_width":"","footnotes":""},"class_list":["post-54429","page","type-page","status-publish","hentry"],"_links":{"self":[{"href":"https:\/\/vergissmeinnicht.bz.it\/it\/wp-json\/wp\/v2\/pages\/54429","targetHints":{"allow":["GET"]}}],"collection":[{"href":"https:\/\/vergissmeinnicht.bz.it\/it\/wp-json\/wp\/v2\/pages"}],"about":[{"href":"https:\/\/vergissmeinnicht.bz.it\/it\/wp-json\/wp\/v2\/types\/page"}],"author":[{"embeddable":true,"href":"https:\/\/vergissmeinnicht.bz.it\/it\/wp-json\/wp\/v2\/users\/2"}],"replies":[{"embeddable":true,"href":"https:\/\/vergissmeinnicht.bz.it\/it\/wp-json\/wp\/v2\/comments?post=54429"}],"version-history":[{"count":2,"href":"https:\/\/vergissmeinnicht.bz.it\/it\/wp-json\/wp\/v2\/pages\/54429\/revisions"}],"predecessor-version":[{"id":54431,"href":"https:\/\/vergissmeinnicht.bz.it\/it\/wp-json\/wp\/v2\/pages\/54429\/revisions\/54431"}],"wp:attachment":[{"href":"https:\/\/vergissmeinnicht.bz.it\/it\/wp-json\/wp\/v2\/media?parent=54429"}],"curies":[{"name":"wp","href":"https:\/\/api.w.org\/{rel}","templated":true}]}}